{"id":10,"date":"2020-09-15T06:48:15","date_gmt":"2020-09-15T03:48:15","guid":{"rendered":"http:\/\/www.hyrkkalaneramiehet.fi\/?page_id=10"},"modified":"2026-04-10T18:10:38","modified_gmt":"2026-04-10T15:10:38","slug":"home","status":"publish","type":"page","link":"https:\/\/www.hyrkkalaneramiehet.fi\/","title":{"rendered":"Etusivu"},"content":{"rendered":"\n<div class=\"wp-block-cover alignfull is-light\" style=\"min-height:750px;aspect-ratio:unset;\"><img loading=\"lazy\" decoding=\"async\" width=\"2560\" height=\"1920\" class=\"wp-block-cover__image-background wp-image-195\" alt=\"\" src=\"https:\/\/www.hyrkkalaneramiehet.fi\/wp-content\/uploads\/2022\/08\/IMG_2395-scaled.jpg\" style=\"object-position:67% 50%\" data-object-fit=\"cover\" data-object-position=\"67% 50%\" srcset=\"https:\/\/www.hyrkkalaneramiehet.fi\/wp-content\/uploads\/2022\/08\/IMG_2395-scaled.jpg 2560w, https:\/\/www.hyrkkalaneramiehet.fi\/wp-content\/uploads\/2022\/08\/IMG_2395-300x225.jpg 300w, https:\/\/www.hyrkkalaneramiehet.fi\/wp-content\/uploads\/2022\/08\/IMG_2395-1024x768.jpg 1024w, https:\/\/www.hyrkkalaneramiehet.fi\/wp-content\/uploads\/2022\/08\/IMG_2395-768x576.jpg 768w, https:\/\/www.hyrkkalaneramiehet.fi\/wp-content\/uploads\/2022\/08\/IMG_2395-1536x1152.jpg 1536w, https:\/\/www.hyrkkalaneramiehet.fi\/wp-content\/uploads\/2022\/08\/IMG_2395-2048x1536.jpg 2048w\" sizes=\"auto, (max-width: 2560px) 100vw, 2560px\" \/><span aria-hidden=\"true\" class=\"wp-block-cover__background has-background-dim\" style=\"background-color:#000000\"><\/span><div class=\"wp-block-cover__inner-container is-layout-flow wp-block-cover-is-layout-flow\">\n<h3 class=\"wp-block-heading has-text-align-center has-text-color\" style=\"color:#ffffff\"><\/h3>\n\n\n\n<hr class=\"wp-block-separator has-text-color has-css-opacity has-background aligncenter\" style=\"background-color:#ffffff;color:#ffffff\"\/>\n\n\n\n<h1 class=\"wp-block-heading has-text-align-center has-text-color\" style=\"color:#ffffff\">hyrkk\u00e4l\u00e4n er\u00e4miehet<\/h1>\n\n\n\n<div class=\"wp-block-buttons is-horizontal is-content-justification-center is-layout-flex wp-container-core-buttons-is-layout-03627597 wp-block-buttons-is-layout-flex\"><\/div>\n<\/div><\/div>\n\n\n\n<br>\n<br>\n<br>\n\n\n\n<h2 class=\"wp-block-heading has-text-align-center\">KUTSU TALVIKOKOUKSEEN 29.3.2026<\/h2>\n\n\n\n<p>Kutsu Hyrkk\u00e4l\u00e4n Er\u00e4miehet Ry:n talvikokoukseen sunnuntaina 29.3.2026<br>klo 14:00. Hyrkk\u00e4l\u00e4n koululla Taipalsaarentie 529, 54800<br>Savitaipale.<\/p>\n\n\n\n<p>K\u00e4sitell\u00e4\u00e4n s\u00e4\u00e4nt\u00f6m\u00e4\u00e4r\u00e4iset vuosikokousasiat, mukana<br>j\u00e4senasioita.<\/p>\n\n\n\n<p>Kutsu on julkaistu Hyrkk\u00e4l\u00e4n Er\u00e4miesten nettisivuilla 15.3.2026 (21.3. korjattu p\u00e4iv\u00e4 lauantaista sunnuntaiksi) ja sen lis\u00e4ksi Whatsapp- ja<br>s\u00e4hk\u00f6postilistoilla.<\/p>\n\n\n\n<br>\n<br>\n<br>\n\n\n\n<h2 class=\"wp-block-heading has-text-align-center\">TIEDOTE 11.9.2025<\/h2>\n\n\n\n<p>Ruokavirasto aloittaa raivotaudin sy\u00f6ttirokotteiden lentolevityksen kaakkoisrajalle 15. syyskuuta 2025. Lentolevitykset jatkuvat aloitusp\u00e4iv\u00e4st\u00e4 noin kuukauden ajan. Rokotteet levitet\u00e4\u00e4n kaakkoisrajalle noin 40 kilometrin levyiselle vy\u00f6hykkeelle, joka ulottuu Tohmaj\u00e4rvelt\u00e4 Virolahdelle, sek\u00e4 20 kilometrin levyiselle vy\u00f6hykkeelle, joka kulkee etel\u00e4rannikkoa pitkin it\u00e4rajalta Pyht\u00e4\u00e4lle. Levitysten tavoitteena on est\u00e4\u00e4 luonnonvaraisilla el\u00e4imill\u00e4 esiintyv\u00e4n mets\u00e4raivotaudin levi\u00e4minen Suomeen.<br><br>Tiedote&nbsp;<a href=\"https:\/\/www.ruokavirasto.fi\/laboratoriopalvelut\/ajankohtaista-laboratoriopalveluista\/raivotaudin-syottirokotteiden-lentolevitykset-kaynnistyvat-kaakkoisrajalla\/\" target=\"_blank\" rel=\"noreferrer noopener\">https:\/\/www.ruokavirasto.fi\/laboratoriopalvelut\/ajankohtaista-laboratoriopalveluista\/raivotaudin-syottirokotteiden-lentolevitykset-kaynnistyvat-kaakkoisrajalla\/<\/a><br><br>Ruokavirasto pyyt\u00e4\u00e4 l\u00e4hett\u00e4m\u00e4\u00e4n kokonaisia kettuja ja supikoiria rabiessy\u00f6ttirokotusalueelta el\u00e4intautiseurantaa varten. Seurannan p\u00e4\u00e4tavoitteena on rabiestilanteen ja rabiessy\u00f6ttirokotusten onnistumisen seuranta.<br><br>Riistanhoitoyhdistysten n\u00e4ytem\u00e4\u00e4r\u00e4tavoitteet ja n\u00e4ytteiden l\u00e4hetysohjeet liitteess\u00e4. Rhyt voivat tilata laatikoita n\u00e4ytteiden pakkaamista varten Ruokavirastosta&nbsp;<a href=\"mailto:tilaukset@ruokavirasto.fi\" target=\"_blank\" rel=\"noreferrer noopener\">tilaukset@ruokavirasto.fi<\/a>. Mainitkaa tilauksessa, ett\u00e4 toimitatte pienpeton\u00e4ytteit\u00e4 rabiesseurantaan.<br><br>Lis\u00e4tiedot:<br>Jouni Tolvanen<br>riistasuunnittelija<br><a href=\"mailto:jouni.tolvanen@riista.fi\" target=\"_blank\" rel=\"noreferrer noopener\">jouni.tolvanen@riista.fi<\/a><br>p. 029&nbsp;431 2222<\/p>\n\n\n\n<div class=\"wp-block-file\"><a id=\"wp-block-file--media-bce0817a-8ce3-474e-8875-9994c1d86261\" href=\"https:\/\/www.hyrkkalaneramiehet.fi\/wp-content\/uploads\/2025\/09\/Pienpedot_rokotusalue_08-2025.pdf\">Pienpedot_rokotusalue_08-2025<\/a><a href=\"https:\/\/www.hyrkkalaneramiehet.fi\/wp-content\/uploads\/2025\/09\/Pienpedot_rokotusalue_08-2025.pdf\" class=\"wp-block-file__button wp-element-button\" download aria-describedby=\"wp-block-file--media-bce0817a-8ce3-474e-8875-9994c1d86261\">Download<\/a><\/div>\n\n\n\n<p><\/p>\n\n\n\n<br>\n<br>\n<br>\n\n\n\n<p><\/p>\n\n\n\n<br>\n<br>\n\n\n\n<p><\/p>\n\n\n\n<br>\n<br>\n\n\n\n<h2 class=\"wp-block-heading has-text-align-center\">ampumarataharjoittelu<\/h2>\n\n\n\n<p>Hyrkk\u00e4l\u00e4n er\u00e4miehille on varattu seuraavat ajat Savitaipaleen ampumaradalta 2026:<br><br><\/p>\n\n\n\n<br>\n<br>\n\n\n\n<h2 class=\"wp-block-heading has-text-align-center\">j\u00e4senmaksut 2026<\/h2>\n\n\n\n<p>Muistathan maksaa seuran j\u00e4senmaksun 31.7.2026 menness\u00e4. Tarkemmat maksutiedot l\u00f6ytyv\u00e4t kirjautumalla seuran j\u00e4senten sivuille.<\/p>\n\n\n\n<br>\n<br>\n\n\n\n<p><\/p>\n\n\n\n<br>\n<br>\n\n\n\n<br>\n<br>\n\n\n\n<p><\/p>\n\n\n\n<br>\n<br>\n\n\n\n<br>\n<br>\n\n\n\n<p><\/p>\n\n\n\n<p><\/p>\n\n\n\n<p><\/p>\n\n\n\n<h2 class=\"wp-block-heading has-text-align-center\"><\/h2>\n\n\n\n<p class=\"has-text-align-center\"><\/p>\n\n\n\n<p><\/p>\n\n\n\n<p><\/p>\n\n\n\n<p><\/p>\n\n\n\n<p><\/p>\n\n\n\n<p><\/p>\n\n\n\n<p><\/p>\n","protected":false},"excerpt":{"rendered":"<p>KUTSU TALVIKOKOUKSEEN 29.3.2026 Kutsu Hyrkk\u00e4l\u00e4n Er\u00e4miehet Ry:n talvikokoukseen sunnuntaina 29.3.2026klo 14:00. Hyrkk\u00e4l\u00e4n koululla Taipalsaarentie 529, 54800Savitaipale. K\u00e4sitell\u00e4\u00e4n s\u00e4\u00e4nt\u00f6m\u00e4\u00e4r\u00e4iset vuosikokousasiat, mukanaj\u00e4senasioita. Kutsu on julkaistu Hyrkk\u00e4l\u00e4n Er\u00e4miesten nettisivuilla 15.3.2026 (21.3. korjattu p\u00e4iv\u00e4 lauantaista sunnuntaiksi) ja sen lis\u00e4ksi Whatsapp- jas\u00e4hk\u00f6postilistoilla. TIEDOTE 11.9.2025 Ruokavirasto aloittaa raivotaudin sy\u00f6ttirokotteiden lentolevityksen kaakkoisrajalle 15. syyskuuta 2025. Lentolevitykset jatkuvat aloitusp\u00e4iv\u00e4st\u00e4 noin kuukauden ajan. Rokotteet &hellip;<\/p>\n<p class=\"read-more\"> <a class=\"\" href=\"https:\/\/www.hyrkkalaneramiehet.fi\/\"> <span class=\"screen-reader-text\">Etusivu<\/span> Lue lis\u00e4\u00e4 &raquo;<\/a><\/p>\n","protected":false},"author":1,"featured_media":0,"parent":0,"menu_order":0,"comment_status":"closed","ping_status":"closed","template":"","meta":{"site-sidebar-layout":"no-sidebar","site-content-layout":"plain-container","ast-global-header-display":"","ast-main-header-display":"","ast-hfb-above-header-display":"","ast-hfb-below-header-display":"","ast-hfb-mobile-header-display":"","site-post-title":"disabled","ast-breadcrumbs-content":"","ast-featured-img":"","footer-sml-layout":"","theme-transparent-header-meta":"enabled","adv-header-id-meta":"","stick-header-meta":"","header-above-stick-meta":"","header-main-stick-meta":"","header-below-stick-meta":"","footnotes":""},"class_list":["post-10","page","type-page","status-publish","hentry"],"_links":{"self":[{"href":"https:\/\/www.hyrkkalaneramiehet.fi\/index.php?rest_route=\/wp\/v2\/pages\/10","targetHints":{"allow":["GET"]}}],"collection":[{"href":"https:\/\/www.hyrkkalaneramiehet.fi\/index.php?rest_route=\/wp\/v2\/pages"}],"about":[{"href":"https:\/\/www.hyrkkalaneramiehet.fi\/index.php?rest_route=\/wp\/v2\/types\/page"}],"author":[{"embeddable":true,"href":"https:\/\/www.hyrkkalaneramiehet.fi\/index.php?rest_route=\/wp\/v2\/users\/1"}],"replies":[{"embeddable":true,"href":"https:\/\/www.hyrkkalaneramiehet.fi\/index.php?rest_route=%2Fwp%2Fv2%2Fcomments&post=10"}],"version-history":[{"count":59,"href":"https:\/\/www.hyrkkalaneramiehet.fi\/index.php?rest_route=\/wp\/v2\/pages\/10\/revisions"}],"predecessor-version":[{"id":376,"href":"https:\/\/www.hyrkkalaneramiehet.fi\/index.php?rest_route=\/wp\/v2\/pages\/10\/revisions\/376"}],"wp:attachment":[{"href":"https:\/\/www.hyrkkalaneramiehet.fi\/index.php?rest_route=%2Fwp%2Fv2%2Fmedia&parent=10"}],"curies":[{"name":"wp","href":"https:\/\/api.w.org\/{rel}","templated":true}]}}